{"id":31,"date":"2020-04-13T11:18:52","date_gmt":"2020-04-13T11:18:52","guid":{"rendered":"https:\/\/arraiddigital.com\/index.php\/about\/"},"modified":"2023-11-08T17:18:26","modified_gmt":"2023-11-08T17:18:26","slug":"about","status":"publish","type":"page","link":"https:\/\/arraiddigital.com\/index.php\/about\/","title":{"rendered":"About"},"content":{"rendered":"\t\t<div data-elementor-type=\"wp-page\" data-elementor-id=\"31\" class=\"elementor elementor-31\">\n\t\t\t\t\t\t\t\t\t<section class=\"elementor-section elementor-top-section elementor-element elementor-element-40177ae0 elementor-section-boxed elementor-section-height-default elementor-section-height-default\" data-id=\"40177ae0\" data-element_type=\"section\">\n\t\t\t\t\t\t<div class=\"elementor-container elementor-column-gap-no\">\n\t\t\t\t\t<div class=\"elementor-column elementor-col-50 elementor-top-column elementor-element elementor-element-2828f573\" data-id=\"2828f573\" data-element_type=\"column\" data-settings=\"{&quot;background_background&quot;:&quot;classic&quot;}\">\n\t\t\t<div class=\"elementor-widget-wrap elementor-element-populated\">\n\t\t\t\t\t\t\t\t<div class=\"elementor-element elementor-element-188961b elementor-widget elementor-widget-spacer\" data-id=\"188961b\" data-element_type=\"widget\" data-widget_type=\"spacer.default\">\n\t\t\t\t<div class=\"elementor-widget-container\">\n\t\t\t<style>\/*! elementor - v3.11.1 - 15-02-2023 *\/\n.elementor-column .elementor-spacer-inner{height:var(--spacer-size)}.e-con{--container-widget-width:100%}.e-con-inner>.elementor-widget-spacer,.e-con>.elementor-widget-spacer{width:var(--container-widget-width,var(--spacer-size));--align-self:var(--container-widget-align-self,initial);--flex-shrink:0}.e-con-inner>.elementor-widget-spacer>.elementor-widget-container,.e-con-inner>.elementor-widget-spacer>.elementor-widget-container>.elementor-spacer,.e-con>.elementor-widget-spacer>.elementor-widget-container,.e-con>.elementor-widget-spacer>.elementor-widget-container>.elementor-spacer{height:100%}.e-con-inner>.elementor-widget-spacer>.elementor-widget-container>.elementor-spacer>.elementor-spacer-inner,.e-con>.elementor-widget-spacer>.elementor-widget-container>.elementor-spacer>.elementor-spacer-inner{height:var(--container-widget-height,var(--spacer-size))}<\/style>\t\t<div class=\"elementor-spacer\">\n\t\t\t<div class=\"elementor-spacer-inner\"><\/div>\n\t\t<\/div>\n\t\t\t\t<\/div>\n\t\t\t\t<\/div>\n\t\t\t\t<div class=\"elementor-element elementor-element-68afc23b elementor-widget__width-auto elementor-widget elementor-widget-heading\" data-id=\"68afc23b\" data-element_type=\"widget\" data-widget_type=\"heading.default\">\n\t\t\t\t<div class=\"elementor-widget-container\">\n\t\t\t<style>\/*! elementor - v3.11.1 - 15-02-2023 *\/\n.elementor-heading-title{padding:0;margin:0;line-height:1}.elementor-widget-heading .elementor-heading-title[class*=elementor-size-]>a{color:inherit;font-size:inherit;line-height:inherit}.elementor-widget-heading .elementor-heading-title.elementor-size-small{font-size:15px}.elementor-widget-heading .elementor-heading-title.elementor-size-medium{font-size:19px}.elementor-widget-heading .elementor-heading-title.elementor-size-large{font-size:29px}.elementor-widget-heading .elementor-heading-title.elementor-size-xl{font-size:39px}.elementor-widget-heading .elementor-heading-title.elementor-size-xxl{font-size:59px}<\/style><h3 class=\"elementor-heading-title elementor-size-large\">centre sp\u00e9cialis\u00e9 en certificats internationales et le marketing digital<\/h3>\t\t<\/div>\n\t\t\t\t<\/div>\n\t\t\t\t\t<\/div>\n\t\t<\/div>\n\t\t\t\t<div class=\"elementor-column elementor-col-50 elementor-top-column elementor-element elementor-element-48096891\" data-id=\"48096891\" data-element_type=\"column\" data-settings=\"{&quot;background_background&quot;:&quot;classic&quot;}\">\n\t\t\t<div class=\"elementor-widget-wrap elementor-element-populated\">\n\t\t\t\t\t\t\t\t<div class=\"elementor-element elementor-element-5475b38 elementor-widget elementor-widget-spacer\" data-id=\"5475b38\" data-element_type=\"widget\" data-widget_type=\"spacer.default\">\n\t\t\t\t<div class=\"elementor-widget-container\">\n\t\t\t\t\t<div class=\"elementor-spacer\">\n\t\t\t<div class=\"elementor-spacer-inner\"><\/div>\n\t\t<\/div>\n\t\t\t\t<\/div>\n\t\t\t\t<\/div>\n\t\t\t\t<div class=\"elementor-element elementor-element-44ce5982 elementor-drop-cap-yes elementor-drop-cap-view-default elementor-widget elementor-widget-text-editor\" data-id=\"44ce5982\" data-element_type=\"widget\" data-settings=\"{&quot;drop_cap&quot;:&quot;yes&quot;}\" data-widget_type=\"text-editor.default\">\n\t\t\t\t<div class=\"elementor-widget-container\">\n\t\t\t<style>\/*! elementor - v3.11.1 - 15-02-2023 *\/\n.elementor-widget-text-editor.elementor-drop-cap-view-stacked .elementor-drop-cap{background-color:#818a91;color:#fff}.elementor-widget-text-editor.elementor-drop-cap-view-framed .elementor-drop-cap{color:#818a91;border:3px solid;background-color:transparent}.elementor-widget-text-editor:not(.elementor-drop-cap-view-default) .elementor-drop-cap{margin-top:8px}.elementor-widget-text-editor:not(.elementor-drop-cap-view-default) .elementor-drop-cap-letter{width:1em;height:1em}.elementor-widget-text-editor .elementor-drop-cap{float:left;text-align:center;line-height:1;font-size:50px}.elementor-widget-text-editor .elementor-drop-cap-letter{display:inline-block}<\/style>\t\t\t\t<p>ARRAID se consacre \u00e0 aider les gens \u00e0 r\u00e9ussir gr\u00e2ce \u00e0 diverses formations en informatique qui sont document\u00e9es par des certificats internationalement reconnus et am\u00e9liorent la productivit\u00e9 individuelle, et dans des services de marketing distingu\u00e9s en g\u00e9n\u00e9ral et en e-marketing en particulier.<br \/>Fond\u00e9 en 2007, ARRAID Center est l&rsquo;un des principaux fournisseurs de services d&rsquo;\u00e9laboration, de prestation et de gestion de programmes d&rsquo;examens de certification.<br \/>Les examens Pioneer sont propos\u00e9s via un r\u00e9seau en expansion de plus de 15 000 centres de test accr\u00e9dit\u00e9s par Certiport dans le monde.<\/p><p>\u00a0<\/p>\t\t\t\t\t\t<\/div>\n\t\t\t\t<\/div>\n\t\t\t\t\t<\/div>\n\t\t<\/div>\n\t\t\t\t\t\t\t<\/div>\n\t\t<\/section>\n\t\t\t\t\t\t\t<\/div>\n\t\t","protected":false},"excerpt":{"rendered":"<p>centre sp\u00e9cialis\u00e9 en certificats internationales et le marketing digital ARRAID se consacre \u00e0 aider les gens \u00e0 r\u00e9ussir gr\u00e2ce \u00e0 diverses formations en informatique qui sont document\u00e9es par des certificats internationalement reconnus et am\u00e9liorent la productivit\u00e9 individuelle, et dans des services de marketing distingu\u00e9s en g\u00e9n\u00e9ral et en e-marketing en particulier.Fond\u00e9 en 2007, ARRAID Center &hellip;<\/p>\n<p class=\"read-more\"> <a class=\"\" href=\"https:\/\/arraiddigital.com\/index.php\/about\/\"> <span class=\"screen-reader-text\">About<\/span> Lire la suite\u00a0\u00bb<\/a><\/p>\n","protected":false},"author":1,"featured_media":0,"parent":0,"menu_order":0,"comment_status":"closed","ping_status":"closed","template":"","meta":{"site-sidebar-layout":"no-sidebar","site-content-layout":"page-builder","ast-global-header-display":"","ast-main-header-display":"","ast-hfb-above-header-display":"","ast-hfb-below-header-display":"","ast-hfb-mobile-header-display":"","site-post-title":"disabled","ast-breadcrumbs-content":"","ast-featured-img":"","footer-sml-layout":"","theme-transparent-header-meta":"enabled","adv-header-id-meta":"","stick-header-meta":"","header-above-stick-meta":"","header-main-stick-meta":"","header-below-stick-meta":"","footnotes":""},"class_list":["post-31","page","type-page","status-publish","hentry"],"yoast_head":"<!-- This site is optimized with the Yoast SEO plugin v21.2 - https:\/\/yoast.com\/wordpress\/plugins\/seo\/ -->\n<title>About | Inspiration Station<\/title>\n<meta name=\"robots\" content=\"index, follow, max-snippet:-1, max-image-preview:large, max-video-preview:-1\" \/>\n<link rel=\"canonical\" href=\"https:\/\/arraiddigital.com\/index.php\/about\/\" \/>\n<meta property=\"og:locale\" content=\"fr_FR\" \/>\n<meta property=\"og:type\" content=\"article\" \/>\n<meta property=\"og:title\" content=\"About | Inspiration Station\" \/>\n<meta property=\"og:description\" content=\"centre sp\u00e9cialis\u00e9 en certificats internationales et le marketing digital ARRAID se consacre \u00e0 aider les gens \u00e0 r\u00e9ussir gr\u00e2ce \u00e0 diverses formations en informatique qui sont document\u00e9es par des certificats internationalement reconnus et am\u00e9liorent la productivit\u00e9 individuelle, et dans des services de marketing distingu\u00e9s en g\u00e9n\u00e9ral et en e-marketing en particulier.Fond\u00e9 en 2007, ARRAID Center &hellip; About Lire la suite\u00a0\u00bb\" \/>\n<meta property=\"og:url\" content=\"https:\/\/arraiddigital.com\/index.php\/about\/\" \/>\n<meta property=\"og:site_name\" content=\"Inspiration Station\" \/>\n<meta property=\"article:publisher\" content=\"https:\/\/www.facebook.com\/CentreArraid?locale=fr_FR\" \/>\n<meta property=\"article:modified_time\" content=\"2023-11-08T17:18:26+00:00\" \/>\n<meta name=\"twitter:card\" content=\"summary_large_image\" \/>\n<meta name=\"twitter:label1\" content=\"Dur\u00e9e de lecture estim\u00e9e\" \/>\n\t<meta name=\"twitter:data1\" content=\"1 minute\" \/>\n<script type=\"application\/ld+json\" class=\"yoast-schema-graph\">{\"@context\":\"https:\/\/schema.org\",\"@graph\":[{\"@type\":\"WebPage\",\"@id\":\"https:\/\/arraiddigital.com\/index.php\/about\/\",\"url\":\"https:\/\/arraiddigital.com\/index.php\/about\/\",\"name\":\"About | Inspiration Station\",\"isPartOf\":{\"@id\":\"https:\/\/arraiddigital.com\/#website\"},\"datePublished\":\"2020-04-13T11:18:52+00:00\",\"dateModified\":\"2023-11-08T17:18:26+00:00\",\"breadcrumb\":{\"@id\":\"https:\/\/arraiddigital.com\/index.php\/about\/#breadcrumb\"},\"inLanguage\":\"fr-FR\",\"potentialAction\":[{\"@type\":\"ReadAction\",\"target\":[\"https:\/\/arraiddigital.com\/index.php\/about\/\"]}]},{\"@type\":\"BreadcrumbList\",\"@id\":\"https:\/\/arraiddigital.com\/index.php\/about\/#breadcrumb\",\"itemListElement\":[{\"@type\":\"ListItem\",\"position\":1,\"name\":\"Accueil\",\"item\":\"https:\/\/arraiddigital.com\/\"},{\"@type\":\"ListItem\",\"position\":2,\"name\":\"About\"}]},{\"@type\":\"WebSite\",\"@id\":\"https:\/\/arraiddigital.com\/#website\",\"url\":\"https:\/\/arraiddigital.com\/\",\"name\":\"ArraidDigital.com\",\"description\":\"\",\"publisher\":{\"@id\":\"https:\/\/arraiddigital.com\/#organization\"},\"alternateName\":\"Centre Arraid\",\"potentialAction\":[{\"@type\":\"SearchAction\",\"target\":{\"@type\":\"EntryPoint\",\"urlTemplate\":\"https:\/\/arraiddigital.com\/?s={search_term_string}\"},\"query-input\":\"required name=search_term_string\"}],\"inLanguage\":\"fr-FR\"},{\"@type\":\"Organization\",\"@id\":\"https:\/\/arraiddigital.com\/#organization\",\"name\":\"ArraidDigital.com\",\"url\":\"https:\/\/arraiddigital.com\/\",\"logo\":{\"@type\":\"ImageObject\",\"inLanguage\":\"fr-FR\",\"@id\":\"https:\/\/arraiddigital.com\/#\/schema\/logo\/image\/\",\"url\":\"https:\/\/arraiddigital.com\/wp-content\/uploads\/2023\/10\/ARRAID.png\",\"contentUrl\":\"https:\/\/arraiddigital.com\/wp-content\/uploads\/2023\/10\/ARRAID.png\",\"width\":500,\"height\":500,\"caption\":\"ArraidDigital.com\"},\"image\":{\"@id\":\"https:\/\/arraiddigital.com\/#\/schema\/logo\/image\/\"},\"sameAs\":[\"https:\/\/www.facebook.com\/CentreArraid?locale=fr_FR\",\"https:\/\/www.instagram.com\/centrearraid\/\"]}]}<\/script>\n<!-- \/ Yoast SEO plugin. -->","yoast_head_json":{"title":"About | Inspiration Station","robots":{"index":"index","follow":"follow","max-snippet":"max-snippet:-1","max-image-preview":"max-image-preview:large","max-video-preview":"max-video-preview:-1"},"canonical":"https:\/\/arraiddigital.com\/index.php\/about\/","og_locale":"fr_FR","og_type":"article","og_title":"About | Inspiration Station","og_description":"centre sp\u00e9cialis\u00e9 en certificats internationales et le marketing digital ARRAID se consacre \u00e0 aider les gens \u00e0 r\u00e9ussir gr\u00e2ce \u00e0 diverses formations en informatique qui sont document\u00e9es par des certificats internationalement reconnus et am\u00e9liorent la productivit\u00e9 individuelle, et dans des services de marketing distingu\u00e9s en g\u00e9n\u00e9ral et en e-marketing en particulier.Fond\u00e9 en 2007, ARRAID Center &hellip; About Lire la suite\u00a0\u00bb","og_url":"https:\/\/arraiddigital.com\/index.php\/about\/","og_site_name":"Inspiration Station","article_publisher":"https:\/\/www.facebook.com\/CentreArraid?locale=fr_FR","article_modified_time":"2023-11-08T17:18:26+00:00","twitter_card":"summary_large_image","twitter_misc":{"Dur\u00e9e de lecture estim\u00e9e":"1 minute"},"schema":{"@context":"https:\/\/schema.org","@graph":[{"@type":"WebPage","@id":"https:\/\/arraiddigital.com\/index.php\/about\/","url":"https:\/\/arraiddigital.com\/index.php\/about\/","name":"About | Inspiration Station","isPartOf":{"@id":"https:\/\/arraiddigital.com\/#website"},"datePublished":"2020-04-13T11:18:52+00:00","dateModified":"2023-11-08T17:18:26+00:00","breadcrumb":{"@id":"https:\/\/arraiddigital.com\/index.php\/about\/#breadcrumb"},"inLanguage":"fr-FR","potentialAction":[{"@type":"ReadAction","target":["https:\/\/arraiddigital.com\/index.php\/about\/"]}]},{"@type":"BreadcrumbList","@id":"https:\/\/arraiddigital.com\/index.php\/about\/#breadcrumb","itemListElement":[{"@type":"ListItem","position":1,"name":"Accueil","item":"https:\/\/arraiddigital.com\/"},{"@type":"ListItem","position":2,"name":"About"}]},{"@type":"WebSite","@id":"https:\/\/arraiddigital.com\/#website","url":"https:\/\/arraiddigital.com\/","name":"ArraidDigital.com","description":"","publisher":{"@id":"https:\/\/arraiddigital.com\/#organization"},"alternateName":"Centre Arraid","potentialAction":[{"@type":"SearchAction","target":{"@type":"EntryPoint","urlTemplate":"https:\/\/arraiddigital.com\/?s={search_term_string}"},"query-input":"required name=search_term_string"}],"inLanguage":"fr-FR"},{"@type":"Organization","@id":"https:\/\/arraiddigital.com\/#organization","name":"ArraidDigital.com","url":"https:\/\/arraiddigital.com\/","logo":{"@type":"ImageObject","inLanguage":"fr-FR","@id":"https:\/\/arraiddigital.com\/#\/schema\/logo\/image\/","url":"https:\/\/arraiddigital.com\/wp-content\/uploads\/2023\/10\/ARRAID.png","contentUrl":"https:\/\/arraiddigital.com\/wp-content\/uploads\/2023\/10\/ARRAID.png","width":500,"height":500,"caption":"ArraidDigital.com"},"image":{"@id":"https:\/\/arraiddigital.com\/#\/schema\/logo\/image\/"},"sameAs":["https:\/\/www.facebook.com\/CentreArraid?locale=fr_FR","https:\/\/www.instagram.com\/centrearraid\/"]}]}},"_links":{"self":[{"href":"https:\/\/arraiddigital.com\/index.php\/wp-json\/wp\/v2\/pages\/31","targetHints":{"allow":["GET"]}}],"collection":[{"href":"https:\/\/arraiddigital.com\/index.php\/wp-json\/wp\/v2\/pages"}],"about":[{"href":"https:\/\/arraiddigital.com\/index.php\/wp-json\/wp\/v2\/types\/page"}],"author":[{"embeddable":true,"href":"https:\/\/arraiddigital.com\/index.php\/wp-json\/wp\/v2\/users\/1"}],"replies":[{"embeddable":true,"href":"https:\/\/arraiddigital.com\/index.php\/wp-json\/wp\/v2\/comments?post=31"}],"version-history":[{"count":28,"href":"https:\/\/arraiddigital.com\/index.php\/wp-json\/wp\/v2\/pages\/31\/revisions"}],"predecessor-version":[{"id":1158,"href":"https:\/\/arraiddigital.com\/index.php\/wp-json\/wp\/v2\/pages\/31\/revisions\/1158"}],"wp:attachment":[{"href":"https:\/\/arraiddigital.com\/index.php\/wp-json\/wp\/v2\/media?parent=31"}],"curies":[{"name":"wp","href":"https:\/\/api.w.org\/{rel}","templated":true}]}}