{"id":565,"date":"2023-02-24T09:39:31","date_gmt":"2023-02-24T09:39:31","guid":{"rendered":"https:\/\/arraiddigital.com\/?page_id=565"},"modified":"2023-11-08T17:05:11","modified_gmt":"2023-11-08T17:05:11","slug":"digital-marketing","status":"publish","type":"page","link":"https:\/\/arraiddigital.com\/index.php\/digital-marketing\/","title":{"rendered":"Digital Marketing"},"content":{"rendered":"\t\t<div data-elementor-type=\"wp-page\" data-elementor-id=\"565\" class=\"elementor elementor-565\">\n\t\t\t\t\t\t\t\t\t<section class=\"elementor-section elementor-top-section elementor-element elementor-element-5ok4f93 elementor-section-boxed elementor-section-height-default elementor-section-height-default\" data-id=\"5ok4f93\" data-element_type=\"section\" data-settings=\"{&quot;background_background&quot;:&quot;classic&quot;}\">\n\t\t\t\t\t\t\t<div class=\"elementor-background-overlay\"><\/div>\n\t\t\t\t\t\t\t<div class=\"elementor-container elementor-column-gap-default\">\n\t\t\t\t\t<div class=\"elementor-column elementor-col-100 elementor-top-column elementor-element elementor-element-155c094d\" data-id=\"155c094d\" data-element_type=\"column\">\n\t\t\t<div class=\"elementor-widget-wrap elementor-element-populated\">\n\t\t\t\t\t\t\t\t<div class=\"elementor-element elementor-element-75de0c89 elementor-position-top elementor-vertical-align-top elementor-widget elementor-widget-image-box\" data-id=\"75de0c89\" data-element_type=\"widget\" data-widget_type=\"image-box.default\">\n\t\t\t\t<div class=\"elementor-widget-container\">\n\t\t\t<style>\/*! elementor - v3.11.1 - 15-02-2023 *\/\n.elementor-widget-image-box .elementor-image-box-content{width:100%}@media (min-width:768px){.elementor-widget-image-box.elementor-position-left .elementor-image-box-wrapper,.elementor-widget-image-box.elementor-position-right .elementor-image-box-wrapper{display:flex}.elementor-widget-image-box.elementor-position-right .elementor-image-box-wrapper{text-align:right;flex-direction:row-reverse}.elementor-widget-image-box.elementor-position-left .elementor-image-box-wrapper{text-align:left;flex-direction:row}.elementor-widget-image-box.elementor-position-top .elementor-image-box-img{margin:auto}.elementor-widget-image-box.elementor-vertical-align-top .elementor-image-box-wrapper{align-items:flex-start}.elementor-widget-image-box.elementor-vertical-align-middle .elementor-image-box-wrapper{align-items:center}.elementor-widget-image-box.elementor-vertical-align-bottom .elementor-image-box-wrapper{align-items:flex-end}}@media (max-width:767px){.elementor-widget-image-box .elementor-image-box-img{margin-left:auto!important;margin-right:auto!important;margin-bottom:15px}}.elementor-widget-image-box .elementor-image-box-img{display:inline-block}.elementor-widget-image-box .elementor-image-box-title a{color:inherit}.elementor-widget-image-box .elementor-image-box-wrapper{text-align:center}.elementor-widget-image-box .elementor-image-box-description{margin:0}<\/style><div class=\"elementor-image-box-wrapper\"><div class=\"elementor-image-box-content\"><h1 class=\"elementor-image-box-title\">Boost Your Online Presence Today<\/h1><p class=\"elementor-image-box-description\">\"Empowering Your Brand's Digital Success\"<\/p><\/div><\/div>\t\t<\/div>\n\t\t\t\t<\/div>\n\t\t\t\t\t<\/div>\n\t\t<\/div>\n\t\t\t\t\t\t\t<\/div>\n\t\t<\/section>\n\t\t\t\t<section class=\"elementor-section elementor-top-section elementor-element elementor-element-kkebt9t elementor-section-boxed elementor-section-height-default elementor-section-height-default\" data-id=\"kkebt9t\" data-element_type=\"section\" data-settings=\"{&quot;background_background&quot;:&quot;classic&quot;}\">\n\t\t\t\t\t\t<div class=\"elementor-container elementor-column-gap-default\">\n\t\t\t\t\t<div class=\"elementor-column elementor-col-100 elementor-top-column elementor-element elementor-element-259f3103\" data-id=\"259f3103\" data-element_type=\"column\">\n\t\t\t<div class=\"elementor-widget-wrap elementor-element-populated\">\n\t\t\t\t\t\t\t\t<div class=\"elementor-element elementor-element-22276e3 elementor-widget elementor-widget-spacer\" data-id=\"22276e3\" data-element_type=\"widget\" data-widget_type=\"spacer.default\">\n\t\t\t\t<div class=\"elementor-widget-container\">\n\t\t\t<style>\/*! elementor - v3.11.1 - 15-02-2023 *\/\n.elementor-column .elementor-spacer-inner{height:var(--spacer-size)}.e-con{--container-widget-width:100%}.e-con-inner>.elementor-widget-spacer,.e-con>.elementor-widget-spacer{width:var(--container-widget-width,var(--spacer-size));--align-self:var(--container-widget-align-self,initial);--flex-shrink:0}.e-con-inner>.elementor-widget-spacer>.elementor-widget-container,.e-con-inner>.elementor-widget-spacer>.elementor-widget-container>.elementor-spacer,.e-con>.elementor-widget-spacer>.elementor-widget-container,.e-con>.elementor-widget-spacer>.elementor-widget-container>.elementor-spacer{height:100%}.e-con-inner>.elementor-widget-spacer>.elementor-widget-container>.elementor-spacer>.elementor-spacer-inner,.e-con>.elementor-widget-spacer>.elementor-widget-container>.elementor-spacer>.elementor-spacer-inner{height:var(--container-widget-height,var(--spacer-size))}<\/style>\t\t<div class=\"elementor-spacer\">\n\t\t\t<div class=\"elementor-spacer-inner\"><\/div>\n\t\t<\/div>\n\t\t\t\t<\/div>\n\t\t\t\t<\/div>\n\t\t\t\t<section class=\"elementor-section elementor-inner-section elementor-element elementor-element-5b4952c1 elementor-section-boxed elementor-section-height-default elementor-section-height-default\" data-id=\"5b4952c1\" data-element_type=\"section\">\n\t\t\t\t\t\t<div class=\"elementor-container elementor-column-gap-default\">\n\t\t\t\t\t<div class=\"elementor-column elementor-col-33 elementor-inner-column elementor-element elementor-element-4fd7f709\" data-id=\"4fd7f709\" data-element_type=\"column\" data-settings=\"{&quot;background_background&quot;:&quot;classic&quot;}\">\n\t\t\t<div class=\"elementor-widget-wrap elementor-element-populated\">\n\t\t\t\t\t\t\t\t<div class=\"elementor-element elementor-element-94bce2e elementor-view-default elementor-mobile-position-top elementor-vertical-align-top elementor-widget elementor-widget-icon-box\" data-id=\"94bce2e\" data-element_type=\"widget\" data-widget_type=\"icon-box.default\">\n\t\t\t\t<div class=\"elementor-widget-container\">\n\t\t\t<link rel=\"stylesheet\" href=\"https:\/\/arraiddigital.com\/wp-content\/plugins\/elementor\/assets\/css\/widget-icon-box.min.css\">\t\t<div class=\"elementor-icon-box-wrapper\">\n\t\t\t\t\t\t<div class=\"elementor-icon-box-icon\">\n\t\t\t\t<a class=\"elementor-icon elementor-animation-\" href=\"https:\/\/arraiddigital.com\/index.php\/formation-marketing\/\">\n\t\t\t\t<i aria-hidden=\"true\" class=\"fab fa-slideshare\"><\/i>\t\t\t\t<\/a>\n\t\t\t<\/div>\n\t\t\t\t\t\t<div class=\"elementor-icon-box-content\">\n\t\t\t\t<h3 class=\"elementor-icon-box-title\">\n\t\t\t\t\t<a href=\"https:\/\/arraiddigital.com\/index.php\/formation-marketing\/\" >\n\t\t\t\t\t\tActionable Training\t\t\t\t\t<\/a>\n\t\t\t\t<\/h3>\n\t\t\t\t\t\t\t\t\t<p class=\"elementor-icon-box-description\">\n\t\t\t\t\t\tcommencer votre formation, et d\u00e9terminez vos objectifs sp\u00e9cifiques en marketing digital\t\t\t\t\t<\/p>\n\t\t\t\t\t\t\t<\/div>\n\t\t<\/div>\n\t\t\t\t<\/div>\n\t\t\t\t<\/div>\n\t\t\t\t\t<\/div>\n\t\t<\/div>\n\t\t\t\t<div class=\"elementor-column elementor-col-33 elementor-inner-column elementor-element elementor-element-1ce5f945\" data-id=\"1ce5f945\" data-element_type=\"column\" data-settings=\"{&quot;background_background&quot;:&quot;classic&quot;}\">\n\t\t\t<div class=\"elementor-widget-wrap elementor-element-populated\">\n\t\t\t\t\t\t\t\t<div class=\"elementor-element elementor-element-442c7c2 elementor-view-default elementor-mobile-position-top elementor-vertical-align-top elementor-widget elementor-widget-icon-box\" data-id=\"442c7c2\" data-element_type=\"widget\" data-widget_type=\"icon-box.default\">\n\t\t\t\t<div class=\"elementor-widget-container\">\n\t\t\t\t\t<div class=\"elementor-icon-box-wrapper\">\n\t\t\t\t\t\t<div class=\"elementor-icon-box-icon\">\n\t\t\t\t<a class=\"elementor-icon elementor-animation-\" href=\"https:\/\/arraiddigital.com\/index.php\/seo\/\">\n\t\t\t\t<i aria-hidden=\"true\" class=\"fas fa-search\"><\/i>\t\t\t\t<\/a>\n\t\t\t<\/div>\n\t\t\t\t\t\t<div class=\"elementor-icon-box-content\">\n\t\t\t\t<h3 class=\"elementor-icon-box-title\">\n\t\t\t\t\t<a href=\"https:\/\/arraiddigital.com\/index.php\/seo\/\" >\n\t\t\t\t\t\tSearch engine optimization (SEO)\t\t\t\t\t<\/a>\n\t\t\t\t<\/h3>\n\t\t\t\t\t\t\t\t\t<p class=\"elementor-icon-box-description\">\n\t\t\t\t\t\tr\u00e9f\u00e9rencement naturel\" augmente la visibilit\u00e9 de votre site web...\t\t\t\t\t<\/p>\n\t\t\t\t\t\t\t<\/div>\n\t\t<\/div>\n\t\t\t\t<\/div>\n\t\t\t\t<\/div>\n\t\t\t\t\t<\/div>\n\t\t<\/div>\n\t\t\t\t<div class=\"elementor-column elementor-col-33 elementor-inner-column elementor-element elementor-element-3c0f7d8a\" data-id=\"3c0f7d8a\" data-element_type=\"column\" data-settings=\"{&quot;background_background&quot;:&quot;classic&quot;}\">\n\t\t\t<div class=\"elementor-widget-wrap elementor-element-populated\">\n\t\t\t\t\t\t\t\t<div class=\"elementor-element elementor-element-a4dfd3d elementor-view-default elementor-mobile-position-top elementor-vertical-align-top elementor-widget elementor-widget-icon-box\" data-id=\"a4dfd3d\" data-element_type=\"widget\" data-widget_type=\"icon-box.default\">\n\t\t\t\t<div class=\"elementor-widget-container\">\n\t\t\t\t\t<div class=\"elementor-icon-box-wrapper\">\n\t\t\t\t\t\t<div class=\"elementor-icon-box-icon\">\n\t\t\t\t<a class=\"elementor-icon elementor-animation-\" href=\"https:\/\/arraiddigital.com\/index.php\/design-graphique\/\">\n\t\t\t\t<i aria-hidden=\"true\" class=\"fas fa-photo-video\"><\/i>\t\t\t\t<\/a>\n\t\t\t<\/div>\n\t\t\t\t\t\t<div class=\"elementor-icon-box-content\">\n\t\t\t\t<h3 class=\"elementor-icon-box-title\">\n\t\t\t\t\t<a href=\"https:\/\/arraiddigital.com\/index.php\/design-graphique\/\" >\n\t\t\t\t\t\tDesign Graphique\t\t\t\t\t<\/a>\n\t\t\t\t<\/h3>\n\t\t\t\t\t\t\t\t\t<p class=\"elementor-icon-box-description\">\n\t\t\t\t\t\tun bon design est essentiel pour un e-marketing efficace. \t\t\t\t\t<\/p>\n\t\t\t\t\t\t\t<\/div>\n\t\t<\/div>\n\t\t\t\t<\/div>\n\t\t\t\t<\/div>\n\t\t\t\t\t<\/div>\n\t\t<\/div>\n\t\t\t\t\t\t\t<\/div>\n\t\t<\/section>\n\t\t\t\t<div class=\"elementor-element elementor-element-8019bbf elementor-widget elementor-widget-spacer\" data-id=\"8019bbf\" data-element_type=\"widget\" data-widget_type=\"spacer.default\">\n\t\t\t\t<div class=\"elementor-widget-container\">\n\t\t\t\t\t<div class=\"elementor-spacer\">\n\t\t\t<div class=\"elementor-spacer-inner\"><\/div>\n\t\t<\/div>\n\t\t\t\t<\/div>\n\t\t\t\t<\/div>\n\t\t\t\t<div class=\"elementor-element elementor-element-4182205 elementor-widget elementor-widget-spacer\" data-id=\"4182205\" data-element_type=\"widget\" data-widget_type=\"spacer.default\">\n\t\t\t\t<div class=\"elementor-widget-container\">\n\t\t\t\t\t<div class=\"elementor-spacer\">\n\t\t\t<div class=\"elementor-spacer-inner\"><\/div>\n\t\t<\/div>\n\t\t\t\t<\/div>\n\t\t\t\t<\/div>\n\t\t\t\t<section class=\"elementor-section elementor-inner-section elementor-element elementor-element-34f53a4 elementor-section-boxed elementor-section-height-default elementor-section-height-default\" data-id=\"34f53a4\" data-element_type=\"section\">\n\t\t\t\t\t\t<div class=\"elementor-container elementor-column-gap-default\">\n\t\t\t\t\t<div class=\"elementor-column elementor-col-50 elementor-inner-column elementor-element elementor-element-c740127\" data-id=\"c740127\" data-element_type=\"column\" data-settings=\"{&quot;background_background&quot;:&quot;classic&quot;}\">\n\t\t\t<div class=\"elementor-widget-wrap elementor-element-populated\">\n\t\t\t\t\t\t\t\t<div class=\"elementor-element elementor-element-2d9d11b elementor-view-default elementor-mobile-position-top elementor-vertical-align-top elementor-widget elementor-widget-icon-box\" data-id=\"2d9d11b\" data-element_type=\"widget\" data-widget_type=\"icon-box.default\">\n\t\t\t\t<div class=\"elementor-widget-container\">\n\t\t\t\t\t<div class=\"elementor-icon-box-wrapper\">\n\t\t\t\t\t\t<div class=\"elementor-icon-box-icon\">\n\t\t\t\t<a class=\"elementor-icon elementor-animation-\" href=\"https:\/\/arraiddigital.com\/index.php\/site\/\">\n\t\t\t\t<i aria-hidden=\"true\" class=\"fas fa-code\"><\/i>\t\t\t\t<\/a>\n\t\t\t<\/div>\n\t\t\t\t\t\t<div class=\"elementor-icon-box-content\">\n\t\t\t\t<h3 class=\"elementor-icon-box-title\">\n\t\t\t\t\t<a href=\"https:\/\/arraiddigital.com\/index.php\/site\/\" >\n\t\t\t\t\t\tCr\u00e9ation Site Web\t\t\t\t\t<\/a>\n\t\t\t\t<\/h3>\n\t\t\t\t\t\t\t\t\t<p class=\"elementor-icon-box-description\">\n\t\t\t\t\t\tConception Site web; cr\u00e9er des botique;  E-comerce...\t\t\t\t\t<\/p>\n\t\t\t\t\t\t\t<\/div>\n\t\t<\/div>\n\t\t\t\t<\/div>\n\t\t\t\t<\/div>\n\t\t\t\t\t<\/div>\n\t\t<\/div>\n\t\t\t\t<div class=\"elementor-column elementor-col-50 elementor-inner-column elementor-element elementor-element-a4ff509\" data-id=\"a4ff509\" data-element_type=\"column\" data-settings=\"{&quot;background_background&quot;:&quot;classic&quot;}\">\n\t\t\t<div class=\"elementor-widget-wrap elementor-element-populated\">\n\t\t\t\t\t\t\t\t<div class=\"elementor-element elementor-element-707e67f elementor-view-default elementor-mobile-position-top elementor-vertical-align-top elementor-widget elementor-widget-icon-box\" data-id=\"707e67f\" data-element_type=\"widget\" data-widget_type=\"icon-box.default\">\n\t\t\t\t<div class=\"elementor-widget-container\">\n\t\t\t\t\t<div class=\"elementor-icon-box-wrapper\">\n\t\t\t\t\t\t<div class=\"elementor-icon-box-icon\">\n\t\t\t\t<a class=\"elementor-icon elementor-animation-\" href=\"https:\/\/arraiddigital.com\/index.php\/reseaux-sociaux\/\">\n\t\t\t\t<i aria-hidden=\"true\" class=\"fas fa-share-alt-square\"><\/i>\t\t\t\t<\/a>\n\t\t\t<\/div>\n\t\t\t\t\t\t<div class=\"elementor-icon-box-content\">\n\t\t\t\t<h3 class=\"elementor-icon-box-title\">\n\t\t\t\t\t<a href=\"https:\/\/arraiddigital.com\/index.php\/reseaux-sociaux\/\" >\n\t\t\t\t\t\tR\u00e9seaux Sociaux\t\t\t\t\t<\/a>\n\t\t\t\t<\/h3>\n\t\t\t\t\t\t\t\t\t<p class=\"elementor-icon-box-description\">\n\t\t\t\t\t\tProduction et marketing vid\u00e9o - cr\u00e9ation  pour pr\u00e9senter des produits ou des services...\t\t\t\t\t<\/p>\n\t\t\t\t\t\t\t<\/div>\n\t\t<\/div>\n\t\t\t\t<\/div>\n\t\t\t\t<\/div>\n\t\t\t\t\t<\/div>\n\t\t<\/div>\n\t\t\t\t\t\t\t<\/div>\n\t\t<\/section>\n\t\t\t\t\t<\/div>\n\t\t<\/div>\n\t\t\t\t\t\t\t<\/div>\n\t\t<\/section>\n\t\t\t\t\t\t\t<\/div>\n\t\t","protected":false},"excerpt":{"rendered":"<p>Boost Your Online Presence Today \u00ab\u00a0Empowering Your Brand&rsquo;s Digital Success\u00a0\u00bb Actionable Training commencer votre formation, et d\u00e9terminez vos objectifs sp\u00e9cifiques en marketing digital Search engine optimization (SEO) r\u00e9f\u00e9rencement naturel\u00a0\u00bb augmente la visibilit\u00e9 de votre site web&#8230; Design Graphique un bon design est essentiel pour un e-marketing efficace. Cr\u00e9ation Site Web Conception Site web; cr\u00e9er des &hellip;<\/p>\n<p class=\"read-more\"> <a class=\"\" href=\"https:\/\/arraiddigital.com\/index.php\/digital-marketing\/\"> <span class=\"screen-reader-text\">Digital Marketing<\/span> Lire la suite\u00a0\u00bb<\/a><\/p>\n","protected":false},"author":1,"featured_media":0,"parent":0,"menu_order":0,"comment_status":"closed","ping_status":"closed","template":"","meta":{"site-sidebar-layout":"no-sidebar","site-content-layout":"page-builder","ast-global-header-display":"","ast-main-header-display":"","ast-hfb-above-header-display":"","ast-hfb-below-header-display":"","ast-hfb-mobile-header-display":"","site-post-title":"disabled","ast-breadcrumbs-content":"","ast-featured-img":"disabled","footer-sml-layout":"","theme-transparent-header-meta":"","adv-header-id-meta":"","stick-header-meta":"","header-above-stick-meta":"","header-main-stick-meta":"","header-below-stick-meta":"","footnotes":""},"class_list":["post-565","page","type-page","status-publish","hentry"],"yoast_head":"<!-- This site is optimized with the Yoast SEO plugin v21.2 - https:\/\/yoast.com\/wordpress\/plugins\/seo\/ -->\n<title>Digital Marketing | Inspiration Station<\/title>\n<meta name=\"robots\" content=\"index, follow, max-snippet:-1, max-image-preview:large, max-video-preview:-1\" \/>\n<link rel=\"canonical\" href=\"https:\/\/arraiddigital.com\/index.php\/digital-marketing\/\" \/>\n<meta property=\"og:locale\" content=\"fr_FR\" \/>\n<meta property=\"og:type\" content=\"article\" \/>\n<meta property=\"og:title\" content=\"Digital Marketing | Inspiration Station\" \/>\n<meta property=\"og:description\" content=\"Boost Your Online Presence Today \u00ab\u00a0Empowering Your Brand&rsquo;s Digital Success\u00a0\u00bb Actionable Training commencer votre formation, et d\u00e9terminez vos objectifs sp\u00e9cifiques en marketing digital Search engine optimization (SEO) r\u00e9f\u00e9rencement naturel\u00a0\u00bb augmente la visibilit\u00e9 de votre site web&#8230; Design Graphique un bon design est essentiel pour un e-marketing efficace. Cr\u00e9ation Site Web Conception Site web; cr\u00e9er des &hellip; Digital Marketing Lire la suite\u00a0\u00bb\" \/>\n<meta property=\"og:url\" content=\"https:\/\/arraiddigital.com\/index.php\/digital-marketing\/\" \/>\n<meta property=\"og:site_name\" content=\"Inspiration Station\" \/>\n<meta property=\"article:publisher\" content=\"https:\/\/www.facebook.com\/CentreArraid?locale=fr_FR\" \/>\n<meta property=\"article:modified_time\" content=\"2023-11-08T17:05:11+00:00\" \/>\n<meta name=\"twitter:card\" content=\"summary_large_image\" \/>\n<meta name=\"twitter:label1\" content=\"Dur\u00e9e de lecture estim\u00e9e\" \/>\n\t<meta name=\"twitter:data1\" content=\"1 minute\" \/>\n<script type=\"application\/ld+json\" class=\"yoast-schema-graph\">{\"@context\":\"https:\/\/schema.org\",\"@graph\":[{\"@type\":\"WebPage\",\"@id\":\"https:\/\/arraiddigital.com\/index.php\/digital-marketing\/\",\"url\":\"https:\/\/arraiddigital.com\/index.php\/digital-marketing\/\",\"name\":\"Digital Marketing | Inspiration Station\",\"isPartOf\":{\"@id\":\"https:\/\/arraiddigital.com\/#website\"},\"datePublished\":\"2023-02-24T09:39:31+00:00\",\"dateModified\":\"2023-11-08T17:05:11+00:00\",\"breadcrumb\":{\"@id\":\"https:\/\/arraiddigital.com\/index.php\/digital-marketing\/#breadcrumb\"},\"inLanguage\":\"fr-FR\",\"potentialAction\":[{\"@type\":\"ReadAction\",\"target\":[\"https:\/\/arraiddigital.com\/index.php\/digital-marketing\/\"]}]},{\"@type\":\"BreadcrumbList\",\"@id\":\"https:\/\/arraiddigital.com\/index.php\/digital-marketing\/#breadcrumb\",\"itemListElement\":[{\"@type\":\"ListItem\",\"position\":1,\"name\":\"Accueil\",\"item\":\"https:\/\/arraiddigital.com\/\"},{\"@type\":\"ListItem\",\"position\":2,\"name\":\"Digital Marketing\"}]},{\"@type\":\"WebSite\",\"@id\":\"https:\/\/arraiddigital.com\/#website\",\"url\":\"https:\/\/arraiddigital.com\/\",\"name\":\"ArraidDigital.com\",\"description\":\"\",\"publisher\":{\"@id\":\"https:\/\/arraiddigital.com\/#organization\"},\"alternateName\":\"Centre Arraid\",\"potentialAction\":[{\"@type\":\"SearchAction\",\"target\":{\"@type\":\"EntryPoint\",\"urlTemplate\":\"https:\/\/arraiddigital.com\/?s={search_term_string}\"},\"query-input\":\"required name=search_term_string\"}],\"inLanguage\":\"fr-FR\"},{\"@type\":\"Organization\",\"@id\":\"https:\/\/arraiddigital.com\/#organization\",\"name\":\"ArraidDigital.com\",\"url\":\"https:\/\/arraiddigital.com\/\",\"logo\":{\"@type\":\"ImageObject\",\"inLanguage\":\"fr-FR\",\"@id\":\"https:\/\/arraiddigital.com\/#\/schema\/logo\/image\/\",\"url\":\"https:\/\/arraiddigital.com\/wp-content\/uploads\/2023\/10\/ARRAID.png\",\"contentUrl\":\"https:\/\/arraiddigital.com\/wp-content\/uploads\/2023\/10\/ARRAID.png\",\"width\":500,\"height\":500,\"caption\":\"ArraidDigital.com\"},\"image\":{\"@id\":\"https:\/\/arraiddigital.com\/#\/schema\/logo\/image\/\"},\"sameAs\":[\"https:\/\/www.facebook.com\/CentreArraid?locale=fr_FR\",\"https:\/\/www.instagram.com\/centrearraid\/\"]}]}<\/script>\n<!-- \/ Yoast SEO plugin. -->","yoast_head_json":{"title":"Digital Marketing | Inspiration Station","robots":{"index":"index","follow":"follow","max-snippet":"max-snippet:-1","max-image-preview":"max-image-preview:large","max-video-preview":"max-video-preview:-1"},"canonical":"https:\/\/arraiddigital.com\/index.php\/digital-marketing\/","og_locale":"fr_FR","og_type":"article","og_title":"Digital Marketing | Inspiration Station","og_description":"Boost Your Online Presence Today \u00ab\u00a0Empowering Your Brand&rsquo;s Digital Success\u00a0\u00bb Actionable Training commencer votre formation, et d\u00e9terminez vos objectifs sp\u00e9cifiques en marketing digital Search engine optimization (SEO) r\u00e9f\u00e9rencement naturel\u00a0\u00bb augmente la visibilit\u00e9 de votre site web&#8230; Design Graphique un bon design est essentiel pour un e-marketing efficace. Cr\u00e9ation Site Web Conception Site web; cr\u00e9er des &hellip; Digital Marketing Lire la suite\u00a0\u00bb","og_url":"https:\/\/arraiddigital.com\/index.php\/digital-marketing\/","og_site_name":"Inspiration Station","article_publisher":"https:\/\/www.facebook.com\/CentreArraid?locale=fr_FR","article_modified_time":"2023-11-08T17:05:11+00:00","twitter_card":"summary_large_image","twitter_misc":{"Dur\u00e9e de lecture estim\u00e9e":"1 minute"},"schema":{"@context":"https:\/\/schema.org","@graph":[{"@type":"WebPage","@id":"https:\/\/arraiddigital.com\/index.php\/digital-marketing\/","url":"https:\/\/arraiddigital.com\/index.php\/digital-marketing\/","name":"Digital Marketing | Inspiration Station","isPartOf":{"@id":"https:\/\/arraiddigital.com\/#website"},"datePublished":"2023-02-24T09:39:31+00:00","dateModified":"2023-11-08T17:05:11+00:00","breadcrumb":{"@id":"https:\/\/arraiddigital.com\/index.php\/digital-marketing\/#breadcrumb"},"inLanguage":"fr-FR","potentialAction":[{"@type":"ReadAction","target":["https:\/\/arraiddigital.com\/index.php\/digital-marketing\/"]}]},{"@type":"BreadcrumbList","@id":"https:\/\/arraiddigital.com\/index.php\/digital-marketing\/#breadcrumb","itemListElement":[{"@type":"ListItem","position":1,"name":"Accueil","item":"https:\/\/arraiddigital.com\/"},{"@type":"ListItem","position":2,"name":"Digital Marketing"}]},{"@type":"WebSite","@id":"https:\/\/arraiddigital.com\/#website","url":"https:\/\/arraiddigital.com\/","name":"ArraidDigital.com","description":"","publisher":{"@id":"https:\/\/arraiddigital.com\/#organization"},"alternateName":"Centre Arraid","potentialAction":[{"@type":"SearchAction","target":{"@type":"EntryPoint","urlTemplate":"https:\/\/arraiddigital.com\/?s={search_term_string}"},"query-input":"required name=search_term_string"}],"inLanguage":"fr-FR"},{"@type":"Organization","@id":"https:\/\/arraiddigital.com\/#organization","name":"ArraidDigital.com","url":"https:\/\/arraiddigital.com\/","logo":{"@type":"ImageObject","inLanguage":"fr-FR","@id":"https:\/\/arraiddigital.com\/#\/schema\/logo\/image\/","url":"https:\/\/arraiddigital.com\/wp-content\/uploads\/2023\/10\/ARRAID.png","contentUrl":"https:\/\/arraiddigital.com\/wp-content\/uploads\/2023\/10\/ARRAID.png","width":500,"height":500,"caption":"ArraidDigital.com"},"image":{"@id":"https:\/\/arraiddigital.com\/#\/schema\/logo\/image\/"},"sameAs":["https:\/\/www.facebook.com\/CentreArraid?locale=fr_FR","https:\/\/www.instagram.com\/centrearraid\/"]}]}},"_links":{"self":[{"href":"https:\/\/arraiddigital.com\/index.php\/wp-json\/wp\/v2\/pages\/565","targetHints":{"allow":["GET"]}}],"collection":[{"href":"https:\/\/arraiddigital.com\/index.php\/wp-json\/wp\/v2\/pages"}],"about":[{"href":"https:\/\/arraiddigital.com\/index.php\/wp-json\/wp\/v2\/types\/page"}],"author":[{"embeddable":true,"href":"https:\/\/arraiddigital.com\/index.php\/wp-json\/wp\/v2\/users\/1"}],"replies":[{"embeddable":true,"href":"https:\/\/arraiddigital.com\/index.php\/wp-json\/wp\/v2\/comments?post=565"}],"version-history":[{"count":42,"href":"https:\/\/arraiddigital.com\/index.php\/wp-json\/wp\/v2\/pages\/565\/revisions"}],"predecessor-version":[{"id":1143,"href":"https:\/\/arraiddigital.com\/index.php\/wp-json\/wp\/v2\/pages\/565\/revisions\/1143"}],"wp:attachment":[{"href":"https:\/\/arraiddigital.com\/index.php\/wp-json\/wp\/v2\/media?parent=565"}],"curies":[{"name":"wp","href":"https:\/\/api.w.org\/{rel}","templated":true}]}}